{"id":4396,"date":"2020-07-19T17:35:15","date_gmt":"2020-07-19T15:35:15","guid":{"rendered":"https:\/\/www.kleinehumboldtgalerie.de\/?page_id=4396"},"modified":"2024-03-26T10:32:14","modified_gmt":"2024-03-26T09:32:14","slug":"philosophy","status":"publish","type":"page","link":"https:\/\/www.kleinehumboldtgalerie.de\/en\/about-us\/philosophy\/","title":{"rendered":"Philosophy"},"content":{"rendered":"\t\t<div data-elementor-type=\"wp-page\" data-elementor-id=\"4396\" class=\"elementor elementor-4396 elementor-4233\" data-elementor-post-type=\"page\">\n\t\t\t\t\t\t<section class=\"elementor-section elementor-top-section elementor-element elementor-element-8d5dfdb elementor-section-boxed elementor-section-height-default elementor-section-height-default\" data-id=\"8d5dfdb\" data-element_type=\"section\" data-e-type=\"section\">\n\t\t\t\t\t\t<div class=\"elementor-container elementor-column-gap-default\">\n\t\t\t\t\t<div class=\"elementor-column elementor-col-100 elementor-top-column elementor-element elementor-element-4d51275\" data-id=\"4d51275\" data-element_type=\"column\" data-e-type=\"column\">\n\t\t\t<div class=\"elementor-widget-wrap elementor-element-populated\">\n\t\t\t\t\t\t<div class=\"elementor-element elementor-element-6b4e588 elementor-widget elementor-widget-text-editor\" data-id=\"6b4e588\" data-element_type=\"widget\" data-e-type=\"widget\" data-widget_type=\"text-editor.default\">\n\t\t\t\t<div class=\"elementor-widget-container\">\n\t\t\t\t\t\t\t\t\t<p>Kleine Humboldt Galerie (KHG) is a student-run initiative curating and presenting bi-annual art exhibitions at Humboldt University. The atrium in the university\u2019s main building has served as an exhibition space since the re-foundation of KHG in 2009. Past exhibitions have dealt with diverse subjects such as educational politics, feminism, the dream of a universal language, cultures of political protest in contemporary art and scientific methods of visualization.<\/p><p>\u00a0<\/p><p>KHG aims to re-establish a tradition of exhibiting at Humboldt Universit\u00e4t, which can be traced back to the university\u2019s founding years. Back then, objects from the royal art collection were transferred to the institution and scientific collections were presented in the hallways. Back then stumbling across a mammoth\u2019s teeth or plaster casts of antique sculptures while walking from lecture to lecture wasn\u2019t uncommon. By recognizing the role of contemporary art in research and education and presenting it alongside objects from visual culture \u2013 mass media, scientific preparations, everyday objects \u2013 the epistemic value of images and objects is once again appreciated.<br \/><br \/><\/p>\t\t\t\t\t\t\t\t<\/div>\n\t\t\t\t<\/div>\n\t\t\t\t<div class=\"elementor-element elementor-element-ea01a40 elementor-widget elementor-widget-text-editor\" data-id=\"ea01a40\" data-element_type=\"widget\" data-e-type=\"widget\" data-widget_type=\"text-editor.default\">\n\t\t\t\t<div class=\"elementor-widget-container\">\n\t\t\t\t\t\t\t\t\t<p>In addition to a thematic reference to the university, the focus is on the architecture and history of the exhibition space. Opened in 2009 as an event venue for Humboldt University, the eastern atrium with its striking architectural features is anything but a white cube. Yet it is precisely this that calls for a creative approach to the spatial conditions. The building itself &#8211; built in the 18th century as a prince&#8217;s palace &#8211; also offers plenty of historical material that needs to be treated both artistically and curatorially.\u00a0<\/p><p>\u00a0<\/p><p>This provides the framework in which to think experimentally about contemporary exhibitions and search for new curatorial approaches.<\/p><p><span style=\"font-style: inherit; font-weight: inherit; background-color: var(--ast-global-color-5); color: var(--ast-global-color-3);\">The installation of the works is intended to formally take up the respective exhibition theme and contribute to conveying the content. In keeping with the interdisciplinary orientation of the Kleine Humboldt Galerie&#8217;s exhibition work, the curatorial team is also made up of students from a wide range of disciplines. The exhibitions take place under alternating management, whereby the entire team is involved in the development and realization of each exhibition. Participation is open to interested students from all disciplines and universities in Berlin.<\/span><\/p><p>\u00a0<\/p><p>Our work is gratefully supported by the Hermann von Helmholtz-Zentrum f\u00fcr Kulturtechnik, the public relations staff and the university library of the Humboldt-Universit\u00e4t zu Berlin, the Humboldt-Universit\u00e4ts-Gesellschaft, the Verein zur F\u00f6rderung des Instituts f\u00fcr Kunst- und Bildgeschichte der Universit\u00e4t and many other supporters, without whom the exhibitions of the Kleine Humboldt Galerie could not be realized.<\/p><p>\u00a0<\/p><p>\u00a0<\/p><p>\u00a0<\/p><p>\u00a0<\/p>\t\t\t\t\t\t\t\t<\/div>\n\t\t\t\t<\/div>\n\t\t\t\t\t<\/div>\n\t\t<\/div>\n\t\t\t\t\t<\/div>\n\t\t<\/section>\n\t\t<div class=\"elementor-element elementor-element-6833822 e-flex e-con-boxed e-con e-parent\" data-id=\"6833822\" data-element_type=\"container\" data-e-type=\"container\">\n\t\t\t\t\t<div class=\"e-con-inner\">\n\t\t\t\t\t<\/div>\n\t\t\t\t<\/div>\n\t\t\t\t<\/div>\n\t\t","protected":false},"excerpt":{"rendered":"<p>Kleine Humboldt Galerie (KHG) is a student-run initiative curating and presenting bi-annual art exhibitions at Humboldt University. The atrium in [&hellip;]<\/p>\n","protected":false},"author":1,"featured_media":4265,"parent":4388,"menu_order":2,"comment_status":"closed","ping_status":"closed","template":"","meta":{"site-sidebar-layout":"default","site-content-layout":"","ast-site-content-layout":"default","site-content-style":"default","site-sidebar-style":"default","ast-global-header-display":"","ast-banner-title-visibility":"","ast-main-header-display":"","ast-hfb-above-header-display":"","ast-hfb-below-header-display":"","ast-hfb-mobile-header-display":"","site-post-title":"","ast-breadcrumbs-content":"","ast-featured-img":"disabled","footer-sml-layout":"","ast-disable-related-posts":"","theme-transparent-header-meta":"default","adv-header-id-meta":"","stick-header-meta":"default","header-above-stick-meta":"","header-main-stick-meta":"","header-below-stick-meta":"","astra-migrate-meta-layouts":"default","ast-page-background-enabled":"default","ast-page-background-meta":{"desktop":{"background-color":"var(--ast-global-color-4)","background-image":"","background-repeat":"repeat","background-position":"center center","background-size":"auto","background-attachment":"scroll","background-type":"","background-media":"","overlay-type":"","overlay-color":"","overlay-opacity":"","overlay-gradient":""},"tablet":{"background-color":"","background-image":"","background-repeat":"repeat","background-position":"center center","background-size":"auto","background-attachment":"scroll","background-type":"","background-media":"","overlay-type":"","overlay-color":"","overlay-opacity":"","overlay-gradient":""},"mobile":{"background-color":"","background-image":"","background-repeat":"repeat","background-position":"center center","background-size":"auto","background-attachment":"scroll","background-type":"","background-media":"","overlay-type":"","overlay-color":"","overlay-opacity":"","overlay-gradient":""}},"ast-content-background-meta":{"desktop":{"background-color":"var(--ast-global-color-5)","background-image":"","background-repeat":"repeat","background-position":"center center","background-size":"auto","background-attachment":"scroll","background-type":"","background-media":"","overlay-type":"","overlay-color":"","overlay-opacity":"","overlay-gradient":""},"tablet":{"background-color":"var(--ast-global-color-5)","background-image":"","background-repeat":"repeat","background-position":"center center","background-size":"auto","background-attachment":"scroll","background-type":"","background-media":"","overlay-type":"","overlay-color":"","overlay-opacity":"","overlay-gradient":""},"mobile":{"background-color":"var(--ast-global-color-5)","background-image":"","background-repeat":"repeat","background-position":"center center","background-size":"auto","background-attachment":"scroll","background-type":"","background-media":"","overlay-type":"","overlay-color":"","overlay-opacity":"","overlay-gradient":""}},"footnotes":""},"class_list":["post-4396","page","type-page","status-publish","has-post-thumbnail","hentry"],"yoast_head":"<!-- This site is optimized with the Yoast SEO plugin v27.4 - https:\/\/yoast.com\/product\/yoast-seo-wordpress\/ -->\n<title>Philosophy -<\/title>\n<meta name=\"robots\" content=\"index, follow, max-snippet:-1, max-image-preview:large, max-video-preview:-1\" \/>\n<link rel=\"canonical\" href=\"https:\/\/www.kleinehumboldtgalerie.de\/en\/about-us\/philosophy\/\" \/>\n<meta property=\"og:locale\" content=\"en_US\" \/>\n<meta property=\"og:type\" content=\"article\" \/>\n<meta property=\"og:title\" content=\"Philosophy -\" \/>\n<meta property=\"og:description\" content=\"Kleine Humboldt Galerie (KHG) is a student-run initiative curating and presenting bi-annual art exhibitions at Humboldt University. The atrium in [&hellip;]\" \/>\n<meta property=\"og:url\" content=\"https:\/\/www.kleinehumboldtgalerie.de\/en\/about-us\/philosophy\/\" \/>\n<meta property=\"article:publisher\" content=\"https:\/\/www.facebook.com\/kleinehumboldtgalerie\" \/>\n<meta property=\"article:modified_time\" content=\"2024-03-26T09:32:14+00:00\" \/>\n<meta property=\"og:image\" content=\"https:\/\/www.kleinehumboldtgalerie.de\/wp-content\/uploads\/2020\/07\/Kopie-von-HECKE-17-19-von-32-scaled.jpg\" \/>\n\t<meta property=\"og:image:width\" content=\"2560\" \/>\n\t<meta property=\"og:image:height\" content=\"1709\" \/>\n\t<meta property=\"og:image:type\" content=\"image\/jpeg\" \/>\n<meta name=\"twitter:card\" content=\"summary_large_image\" \/>\n<meta name=\"twitter:label1\" content=\"Est. reading time\" \/>\n\t<meta name=\"twitter:data1\" content=\"2 minutes\" \/>\n<script type=\"application\/ld+json\" class=\"yoast-schema-graph\">{\"@context\":\"https:\\\/\\\/schema.org\",\"@graph\":[{\"@type\":\"WebPage\",\"@id\":\"https:\\\/\\\/www.kleinehumboldtgalerie.de\\\/en\\\/about-us\\\/philosophy\\\/\",\"url\":\"https:\\\/\\\/www.kleinehumboldtgalerie.de\\\/en\\\/about-us\\\/philosophy\\\/\",\"name\":\"Philosophy -\",\"isPartOf\":{\"@id\":\"https:\\\/\\\/www.kleinehumboldtgalerie.de\\\/en\\\/#website\"},\"primaryImageOfPage\":{\"@id\":\"https:\\\/\\\/www.kleinehumboldtgalerie.de\\\/en\\\/about-us\\\/philosophy\\\/#primaryimage\"},\"image\":{\"@id\":\"https:\\\/\\\/www.kleinehumboldtgalerie.de\\\/en\\\/about-us\\\/philosophy\\\/#primaryimage\"},\"thumbnailUrl\":\"https:\\\/\\\/www.kleinehumboldtgalerie.de\\\/wp-content\\\/uploads\\\/2020\\\/07\\\/Kopie-von-HECKE-17-19-von-32-scaled.jpg\",\"datePublished\":\"2020-07-19T15:35:15+00:00\",\"dateModified\":\"2024-03-26T09:32:14+00:00\",\"breadcrumb\":{\"@id\":\"https:\\\/\\\/www.kleinehumboldtgalerie.de\\\/en\\\/about-us\\\/philosophy\\\/#breadcrumb\"},\"inLanguage\":\"en-US\",\"potentialAction\":[{\"@type\":\"ReadAction\",\"target\":[\"https:\\\/\\\/www.kleinehumboldtgalerie.de\\\/en\\\/about-us\\\/philosophy\\\/\"]}]},{\"@type\":\"ImageObject\",\"inLanguage\":\"en-US\",\"@id\":\"https:\\\/\\\/www.kleinehumboldtgalerie.de\\\/en\\\/about-us\\\/philosophy\\\/#primaryimage\",\"url\":\"https:\\\/\\\/www.kleinehumboldtgalerie.de\\\/wp-content\\\/uploads\\\/2020\\\/07\\\/Kopie-von-HECKE-17-19-von-32-scaled.jpg\",\"contentUrl\":\"https:\\\/\\\/www.kleinehumboldtgalerie.de\\\/wp-content\\\/uploads\\\/2020\\\/07\\\/Kopie-von-HECKE-17-19-von-32-scaled.jpg\",\"width\":2560,\"height\":1709,\"caption\":\"\u00a9 Clemens Richter, intimade.com\"},{\"@type\":\"BreadcrumbList\",\"@id\":\"https:\\\/\\\/www.kleinehumboldtgalerie.de\\\/en\\\/about-us\\\/philosophy\\\/#breadcrumb\",\"itemListElement\":[{\"@type\":\"ListItem\",\"position\":1,\"name\":\"Home\",\"item\":\"https:\\\/\\\/www.kleinehumboldtgalerie.de\\\/en\\\/\"},{\"@type\":\"ListItem\",\"position\":2,\"name\":\"\u00dcber Uns\",\"item\":\"https:\\\/\\\/www.kleinehumboldtgalerie.de\\\/en\\\/about-us\\\/\"},{\"@type\":\"ListItem\",\"position\":3,\"name\":\"Philosophy\"}]},{\"@type\":\"WebSite\",\"@id\":\"https:\\\/\\\/www.kleinehumboldtgalerie.de\\\/en\\\/#website\",\"url\":\"https:\\\/\\\/www.kleinehumboldtgalerie.de\\\/en\\\/\",\"name\":\"\",\"description\":\"\",\"publisher\":{\"@id\":\"https:\\\/\\\/www.kleinehumboldtgalerie.de\\\/en\\\/#organization\"},\"potentialAction\":[{\"@type\":\"SearchAction\",\"target\":{\"@type\":\"EntryPoint\",\"urlTemplate\":\"https:\\\/\\\/www.kleinehumboldtgalerie.de\\\/en\\\/?s={search_term_string}\"},\"query-input\":{\"@type\":\"PropertyValueSpecification\",\"valueRequired\":true,\"valueName\":\"search_term_string\"}}],\"inLanguage\":\"en-US\"},{\"@type\":\"Organization\",\"@id\":\"https:\\\/\\\/www.kleinehumboldtgalerie.de\\\/en\\\/#organization\",\"name\":\"Kleine Humboldt Galerie\",\"url\":\"https:\\\/\\\/www.kleinehumboldtgalerie.de\\\/en\\\/\",\"logo\":{\"@type\":\"ImageObject\",\"inLanguage\":\"en-US\",\"@id\":\"https:\\\/\\\/www.kleinehumboldtgalerie.de\\\/en\\\/#\\\/schema\\\/logo\\\/image\\\/\",\"url\":\"https:\\\/\\\/www.kleinehumboldtgalerie.de\\\/wp-content\\\/uploads\\\/2020\\\/04\\\/Logo_ganz.jpg\",\"contentUrl\":\"https:\\\/\\\/www.kleinehumboldtgalerie.de\\\/wp-content\\\/uploads\\\/2020\\\/04\\\/Logo_ganz.jpg\",\"width\":2153,\"height\":976,\"caption\":\"Kleine Humboldt Galerie\"},\"image\":{\"@id\":\"https:\\\/\\\/www.kleinehumboldtgalerie.de\\\/en\\\/#\\\/schema\\\/logo\\\/image\\\/\"},\"sameAs\":[\"https:\\\/\\\/www.facebook.com\\\/kleinehumboldtgalerie\",\"https:\\\/\\\/www.instagram.com\\\/kleinehumboldtgalerie\\\/\",\"https:\\\/\\\/vimeo.com\\\/user100173115\"]}]}<\/script>\n<!-- \/ Yoast SEO plugin. -->","yoast_head_json":{"title":"Philosophy -","robots":{"index":"index","follow":"follow","max-snippet":"max-snippet:-1","max-image-preview":"max-image-preview:large","max-video-preview":"max-video-preview:-1"},"canonical":"https:\/\/www.kleinehumboldtgalerie.de\/en\/about-us\/philosophy\/","og_locale":"en_US","og_type":"article","og_title":"Philosophy -","og_description":"Kleine Humboldt Galerie (KHG) is a student-run initiative curating and presenting bi-annual art exhibitions at Humboldt University. The atrium in [&hellip;]","og_url":"https:\/\/www.kleinehumboldtgalerie.de\/en\/about-us\/philosophy\/","article_publisher":"https:\/\/www.facebook.com\/kleinehumboldtgalerie","article_modified_time":"2024-03-26T09:32:14+00:00","og_image":[{"width":2560,"height":1709,"url":"https:\/\/www.kleinehumboldtgalerie.de\/wp-content\/uploads\/2020\/07\/Kopie-von-HECKE-17-19-von-32-scaled.jpg","type":"image\/jpeg"}],"twitter_card":"summary_large_image","twitter_misc":{"Est. reading time":"2 minutes"},"schema":{"@context":"https:\/\/schema.org","@graph":[{"@type":"WebPage","@id":"https:\/\/www.kleinehumboldtgalerie.de\/en\/about-us\/philosophy\/","url":"https:\/\/www.kleinehumboldtgalerie.de\/en\/about-us\/philosophy\/","name":"Philosophy -","isPartOf":{"@id":"https:\/\/www.kleinehumboldtgalerie.de\/en\/#website"},"primaryImageOfPage":{"@id":"https:\/\/www.kleinehumboldtgalerie.de\/en\/about-us\/philosophy\/#primaryimage"},"image":{"@id":"https:\/\/www.kleinehumboldtgalerie.de\/en\/about-us\/philosophy\/#primaryimage"},"thumbnailUrl":"https:\/\/www.kleinehumboldtgalerie.de\/wp-content\/uploads\/2020\/07\/Kopie-von-HECKE-17-19-von-32-scaled.jpg","datePublished":"2020-07-19T15:35:15+00:00","dateModified":"2024-03-26T09:32:14+00:00","breadcrumb":{"@id":"https:\/\/www.kleinehumboldtgalerie.de\/en\/about-us\/philosophy\/#breadcrumb"},"inLanguage":"en-US","potentialAction":[{"@type":"ReadAction","target":["https:\/\/www.kleinehumboldtgalerie.de\/en\/about-us\/philosophy\/"]}]},{"@type":"ImageObject","inLanguage":"en-US","@id":"https:\/\/www.kleinehumboldtgalerie.de\/en\/about-us\/philosophy\/#primaryimage","url":"https:\/\/www.kleinehumboldtgalerie.de\/wp-content\/uploads\/2020\/07\/Kopie-von-HECKE-17-19-von-32-scaled.jpg","contentUrl":"https:\/\/www.kleinehumboldtgalerie.de\/wp-content\/uploads\/2020\/07\/Kopie-von-HECKE-17-19-von-32-scaled.jpg","width":2560,"height":1709,"caption":"\u00a9 Clemens Richter, intimade.com"},{"@type":"BreadcrumbList","@id":"https:\/\/www.kleinehumboldtgalerie.de\/en\/about-us\/philosophy\/#breadcrumb","itemListElement":[{"@type":"ListItem","position":1,"name":"Home","item":"https:\/\/www.kleinehumboldtgalerie.de\/en\/"},{"@type":"ListItem","position":2,"name":"\u00dcber Uns","item":"https:\/\/www.kleinehumboldtgalerie.de\/en\/about-us\/"},{"@type":"ListItem","position":3,"name":"Philosophy"}]},{"@type":"WebSite","@id":"https:\/\/www.kleinehumboldtgalerie.de\/en\/#website","url":"https:\/\/www.kleinehumboldtgalerie.de\/en\/","name":"","description":"","publisher":{"@id":"https:\/\/www.kleinehumboldtgalerie.de\/en\/#organization"},"potentialAction":[{"@type":"SearchAction","target":{"@type":"EntryPoint","urlTemplate":"https:\/\/www.kleinehumboldtgalerie.de\/en\/?s={search_term_string}"},"query-input":{"@type":"PropertyValueSpecification","valueRequired":true,"valueName":"search_term_string"}}],"inLanguage":"en-US"},{"@type":"Organization","@id":"https:\/\/www.kleinehumboldtgalerie.de\/en\/#organization","name":"Kleine Humboldt Galerie","url":"https:\/\/www.kleinehumboldtgalerie.de\/en\/","logo":{"@type":"ImageObject","inLanguage":"en-US","@id":"https:\/\/www.kleinehumboldtgalerie.de\/en\/#\/schema\/logo\/image\/","url":"https:\/\/www.kleinehumboldtgalerie.de\/wp-content\/uploads\/2020\/04\/Logo_ganz.jpg","contentUrl":"https:\/\/www.kleinehumboldtgalerie.de\/wp-content\/uploads\/2020\/04\/Logo_ganz.jpg","width":2153,"height":976,"caption":"Kleine Humboldt Galerie"},"image":{"@id":"https:\/\/www.kleinehumboldtgalerie.de\/en\/#\/schema\/logo\/image\/"},"sameAs":["https:\/\/www.facebook.com\/kleinehumboldtgalerie","https:\/\/www.instagram.com\/kleinehumboldtgalerie\/","https:\/\/vimeo.com\/user100173115"]}]}},"_links":{"self":[{"href":"https:\/\/www.kleinehumboldtgalerie.de\/en\/wp-json\/wp\/v2\/pages\/4396","targetHints":{"allow":["GET"]}}],"collection":[{"href":"https:\/\/www.kleinehumboldtgalerie.de\/en\/wp-json\/wp\/v2\/pages"}],"about":[{"href":"https:\/\/www.kleinehumboldtgalerie.de\/en\/wp-json\/wp\/v2\/types\/page"}],"author":[{"embeddable":true,"href":"https:\/\/www.kleinehumboldtgalerie.de\/en\/wp-json\/wp\/v2\/users\/1"}],"replies":[{"embeddable":true,"href":"https:\/\/www.kleinehumboldtgalerie.de\/en\/wp-json\/wp\/v2\/comments?post=4396"}],"version-history":[{"count":0,"href":"https:\/\/www.kleinehumboldtgalerie.de\/en\/wp-json\/wp\/v2\/pages\/4396\/revisions"}],"up":[{"embeddable":true,"href":"https:\/\/www.kleinehumboldtgalerie.de\/en\/wp-json\/wp\/v2\/pages\/4388"}],"wp:featuredmedia":[{"embeddable":true,"href":"https:\/\/www.kleinehumboldtgalerie.de\/en\/wp-json\/wp\/v2\/media\/4265"}],"wp:attachment":[{"href":"https:\/\/www.kleinehumboldtgalerie.de\/en\/wp-json\/wp\/v2\/media?parent=4396"}],"curies":[{"name":"wp","href":"https:\/\/api.w.org\/{rel}","templated":true}]}}