{"id":4390,"date":"2020-08-02T13:41:07","date_gmt":"2020-08-02T11:41:07","guid":{"rendered":"https:\/\/www.kleinehumboldtgalerie.de\/?page_id=4390"},"modified":"2025-06-30T22:46:14","modified_gmt":"2025-06-30T20:46:14","slug":"team","status":"publish","type":"page","link":"https:\/\/www.kleinehumboldtgalerie.de\/en\/about-us\/team\/","title":{"rendered":"Team"},"content":{"rendered":"\t\t<div data-elementor-type=\"wp-page\" data-elementor-id=\"4390\" class=\"elementor elementor-4390 elementor-4370\" data-elementor-post-type=\"page\">\n\t\t\t\t\t\t<section class=\"elementor-section elementor-top-section elementor-element elementor-element-9a85986 elementor-section-boxed elementor-section-height-default elementor-section-height-default\" data-id=\"9a85986\" data-element_type=\"section\" data-e-type=\"section\">\n\t\t\t\t\t\t<div class=\"elementor-container elementor-column-gap-default\">\n\t\t\t\t\t<div class=\"elementor-column elementor-col-100 elementor-top-column elementor-element elementor-element-bca3615\" data-id=\"bca3615\" data-element_type=\"column\" data-e-type=\"column\">\n\t\t\t<div class=\"elementor-widget-wrap elementor-element-populated\">\n\t\t\t\t\t\t<div class=\"elementor-element elementor-element-9081636 elementor-widget elementor-widget-text-editor\" data-id=\"9081636\" data-element_type=\"widget\" data-e-type=\"widget\" data-widget_type=\"text-editor.default\">\n\t\t\t\t<div class=\"elementor-widget-container\">\n\t\t\t\t\t\t\t\t\t<p>The Kleine Humboldt Galerie (KHG) is a student collective that conceives and realizes contemporary exhibitions. This project has existed in its current form since 2009 and is linked to the Humboldt-Universit\u00e4t zu Berlin. The curatorial collective consists of students from various universities and disciplines. The focus of our work is the joint learning process and the testing of new practices. In doing so, we deal with current, socially relevant topics.<\/p><p>\u00a0<\/p><p>The KHG exhibitions are the result of this collective learning process and pursue an experimental approach to the exhibition format that consciously distances itself from the commercialized art market.\u00a0<\/p><p>\u00a0<\/p><p>Our voluntary work aims to create a free cultural offering that is accessible to all. We strive to provide a platform that polarizes and inspires in equal measure to open up a space for diverse perspectives and discussions.<\/p>\t\t\t\t\t\t\t\t<\/div>\n\t\t\t\t<\/div>\n\t\t\t\t\t<\/div>\n\t\t<\/div>\n\t\t\t\t\t<\/div>\n\t\t<\/section>\n\t\t\t\t<section class=\"elementor-section elementor-top-section elementor-element elementor-element-6056aa3 elementor-section-boxed elementor-section-height-default elementor-section-height-default\" data-id=\"6056aa3\" data-element_type=\"section\" data-e-type=\"section\">\n\t\t\t\t\t\t<div class=\"elementor-container elementor-column-gap-default\">\n\t\t\t\t\t<div class=\"elementor-column elementor-col-100 elementor-top-column elementor-element elementor-element-eb19b5f\" data-id=\"eb19b5f\" data-element_type=\"column\" data-e-type=\"column\">\n\t\t\t<div class=\"elementor-widget-wrap elementor-element-populated\">\n\t\t\t\t\t\t<div class=\"elementor-element elementor-element-2268a81 elementor-widget elementor-widget-text-editor\" data-id=\"2268a81\" data-element_type=\"widget\" data-e-type=\"widget\" data-widget_type=\"text-editor.default\">\n\t\t\t\t<div class=\"elementor-widget-container\">\n\t\t\t\t\t\t\t\t\t<p><span style=\"font-family: var(--entry-content--font-family); color: var(--global--color-primary); font-size: var(--global--font-size-base); font-weight: bold; max-width: var(--global--spacing-measure); text-align: left;\">Team 2023-24:<\/span><span style=\"font-family: var(--entry-content--font-family); color: var(--global--color-primary); font-size: var(--global--font-size-base); text-align: left;\">\u00a0Senta Bassler, Johanna Chiara B\u00f6ker, Anja B\u00fcnning, Camilla Daab, Devin G\u00f6kdemir, Sini-Sophia K\u00e4mpny, Vanja Lale, Grit Marti Lange, Nike Meiners, Sophie Mutschler, Frederike Nolte, Antonia Sch\u00fctze, Pia Spengler, Mattis Thomsen, Camila Falc\u00e3o Thym, Tina Quednau, Gina Ruhlandt<\/span><\/p><p><strong>\u00a0<\/strong><\/p><p><strong>Team 2022-23:\u00a0<\/strong>Estela Braun Carrasco, Anna Br\u00fcndl, Camilla Daab, Franziska Dommers, Devin G\u00f6kdemir, Sini-Sophia K\u00e4mpny, Ay\u015fe Karahan, Paul Kudlek, Grit Marti Lange, Sophie McCuen-Koytek, Nike Meiners, Alina Mohaupt, G\u00fclsen Nam\u0131duru, Antonia Sch\u00fctze, Pia Spengler, Alena Trapp, Emilia Vergara Villamil, Nathalie Vogel.\u00a0<\/p><p>Under the direction of:\u00a0Franziska Blume &amp; Zoe B\u00fcchtemann.<\/p><p><b><\/b>Webrealisation:\u00a0Karsten Asshauer<\/p><p>Simple language, alternative titles: Jonas Opitz<br \/><br \/><\/p><p><b>Team 2021-2022:<\/b> Sophie Agho, Franziska Blume, Anna Br\u00fcndl, Zoe B\u00fcchtemann, Estela Braun Carrasco, Franziska Dommers, Lotta Feibicke, Kimia Ghetmiri, Sini-Sophia K\u00e4mpny, Philipp Kind, Monique Machicao, Patrick Mahr, Sarah Marcinkowski, Sophie McCuen-Koytek, Nike Meiners, Saskia Schiemann, Evelyn Sutter, Nathalie Vogel, Milena Wilkat, Yuanwen Zhong.<br \/>Under the direction of: Nikolas Geier &amp; Anna Latzko.<br \/><br \/><\/p><p>\u00a0<\/p><p><b><strong>Team 2019-2021:<\/strong><\/b>\u00a0Camilo Andres Castiblanco Bernal, Franziska Dommers, Katharina Faller, Lotta Feibicke, Nikolas Geier, Eileen Kesseler, Patricia K\u00fchn, Anna Latzko, Monique Machicao, Sarah Marcinkowski, Melissa Pinar Tunc, Katharina Ripea, Evelyn Sutter und Yuanwen Zhong.\u00a0<br \/>Under the direction of Nicole Wittmann.<br \/><br \/><\/p><p><b>Team 2019 and earlier: <\/b>Jasmeen Adeoshun, Jakob Bauer, Conny Becker, Marina Beeck, Sophie Bunge, Lee Chichester, Merle Dammhayn, Marie Egger, Rieke Ernst, Hanna Fiegenbaum, Lisa F\u00fcssel, Clara Gehlen, Eva Graf, Marie Greggers, Jana Haeckel, Tereza Havl\u00edkov\u00e1, Susi Hinz, Anna Leonie Hofmann, Viktor H\u00f6mpler, Benedek Hrutka, Johanna Hutmacher, Aleksandra Ianchenko, Rebecca John, Mette Kleinsteuber, Julia Kochanek, Polina Kokotov, Maya Komarnicki, Elia Kragerud, Natalya Kreminchutsky, Annette Kranen, Tomke-Malin Krohne, Franziska Knoll, Elke K\u00fchn, Judith Lau, Veronica Leali, Uria Man, Yasmin Meinicke, Milena Mercer, Julia Modes, Luise Moerke, Thao Thanh Nguyen, Niklas Obermann, Sebastian Peter, Boris Pofalla, Stefanie Proksch, Gregor Quack, Nuria R\u00f6der, Nuno Rocha, Elena S\u00e1nchez, Agnesa Schmudke, Rahel Schrohe, Max Seemann, Monika Simm, Vanja Sisek, Liz Stumpf, Johanna Swarzynska, Alina Topf, Celine Van De Velde, Anna Wiese, Antonia Wolff, Lotte Wilhelm, Karoline Winter and Katrin Zellmer.<\/p>\t\t\t\t\t\t\t\t<\/div>\n\t\t\t\t<\/div>\n\t\t\t\t\t<\/div>\n\t\t<\/div>\n\t\t\t\t\t<\/div>\n\t\t<\/section>\n\t\t\t\t<\/div>\n\t\t","protected":false},"excerpt":{"rendered":"<p>The Kleine Humboldt Galerie (KHG) is a student collective that conceives and realizes contemporary exhibitions. This project has existed in [&hellip;]<\/p>\n","protected":false},"author":1,"featured_media":14186,"parent":4388,"menu_order":4,"comment_status":"closed","ping_status":"closed","template":"","meta":{"site-sidebar-layout":"default","site-content-layout":"","ast-site-content-layout":"default","site-content-style":"default","site-sidebar-style":"default","ast-global-header-display":"","ast-banner-title-visibility":"","ast-main-header-display":"","ast-hfb-above-header-display":"","ast-hfb-below-header-display":"","ast-hfb-mobile-header-display":"","site-post-title":"","ast-breadcrumbs-content":"","ast-featured-img":"disabled","footer-sml-layout":"","ast-disable-related-posts":"","theme-transparent-header-meta":"default","adv-header-id-meta":"","stick-header-meta":"default","header-above-stick-meta":"","header-main-stick-meta":"","header-below-stick-meta":"","astra-migrate-meta-layouts":"default","ast-page-background-enabled":"default","ast-page-background-meta":{"desktop":{"background-color":"var(--ast-global-color-4)","background-image":"","background-repeat":"repeat","background-position":"center center","background-size":"auto","background-attachment":"scroll","background-type":"","background-media":"","overlay-type":"","overlay-color":"","overlay-opacity":"","overlay-gradient":""},"tablet":{"background-color":"","background-image":"","background-repeat":"repeat","background-position":"center center","background-size":"auto","background-attachment":"scroll","background-type":"","background-media":"","overlay-type":"","overlay-color":"","overlay-opacity":"","overlay-gradient":""},"mobile":{"background-color":"","background-image":"","background-repeat":"repeat","background-position":"center center","background-size":"auto","background-attachment":"scroll","background-type":"","background-media":"","overlay-type":"","overlay-color":"","overlay-opacity":"","overlay-gradient":""}},"ast-content-background-meta":{"desktop":{"background-color":"var(--ast-global-color-5)","background-image":"","background-repeat":"repeat","background-position":"center center","background-size":"auto","background-attachment":"scroll","background-type":"","background-media":"","overlay-type":"","overlay-color":"","overlay-opacity":"","overlay-gradient":""},"tablet":{"background-color":"var(--ast-global-color-5)","background-image":"","background-repeat":"repeat","background-position":"center center","background-size":"auto","background-attachment":"scroll","background-type":"","background-media":"","overlay-type":"","overlay-color":"","overlay-opacity":"","overlay-gradient":""},"mobile":{"background-color":"var(--ast-global-color-5)","background-image":"","background-repeat":"repeat","background-position":"center center","background-size":"auto","background-attachment":"scroll","background-type":"","background-media":"","overlay-type":"","overlay-color":"","overlay-opacity":"","overlay-gradient":""}},"footnotes":""},"class_list":["post-4390","page","type-page","status-publish","has-post-thumbnail","hentry"],"yoast_head":"<!-- This site is optimized with the Yoast SEO plugin v27.4 - https:\/\/yoast.com\/product\/yoast-seo-wordpress\/ -->\n<title>Team -<\/title>\n<meta name=\"robots\" content=\"index, follow, max-snippet:-1, max-image-preview:large, max-video-preview:-1\" \/>\n<link rel=\"canonical\" href=\"https:\/\/www.kleinehumboldtgalerie.de\/en\/about-us\/team\/\" \/>\n<meta property=\"og:locale\" content=\"en_US\" \/>\n<meta property=\"og:type\" content=\"article\" \/>\n<meta property=\"og:title\" content=\"Team -\" \/>\n<meta property=\"og:description\" content=\"The Kleine Humboldt Galerie (KHG) is a student collective that conceives and realizes contemporary exhibitions. This project has existed in [&hellip;]\" \/>\n<meta property=\"og:url\" content=\"https:\/\/www.kleinehumboldtgalerie.de\/en\/about-us\/team\/\" \/>\n<meta property=\"article:publisher\" content=\"https:\/\/www.facebook.com\/kleinehumboldtgalerie\" \/>\n<meta property=\"article:modified_time\" content=\"2025-06-30T20:46:14+00:00\" \/>\n<meta property=\"og:image\" content=\"https:\/\/www.kleinehumboldtgalerie.de\/wp-content\/uploads\/2023\/12\/Preludie-credit_-Camilla-Daab-scaled.jpg\" \/>\n\t<meta property=\"og:image:width\" content=\"2560\" \/>\n\t<meta property=\"og:image:height\" content=\"1701\" \/>\n\t<meta property=\"og:image:type\" content=\"image\/jpeg\" \/>\n<meta name=\"twitter:card\" content=\"summary_large_image\" \/>\n<meta name=\"twitter:label1\" content=\"Est. reading time\" \/>\n\t<meta name=\"twitter:data1\" content=\"2 minutes\" \/>\n<script type=\"application\/ld+json\" class=\"yoast-schema-graph\">{\"@context\":\"https:\\\/\\\/schema.org\",\"@graph\":[{\"@type\":\"WebPage\",\"@id\":\"https:\\\/\\\/www.kleinehumboldtgalerie.de\\\/en\\\/about-us\\\/team\\\/\",\"url\":\"https:\\\/\\\/www.kleinehumboldtgalerie.de\\\/en\\\/about-us\\\/team\\\/\",\"name\":\"Team -\",\"isPartOf\":{\"@id\":\"https:\\\/\\\/www.kleinehumboldtgalerie.de\\\/en\\\/#website\"},\"primaryImageOfPage\":{\"@id\":\"https:\\\/\\\/www.kleinehumboldtgalerie.de\\\/en\\\/about-us\\\/team\\\/#primaryimage\"},\"image\":{\"@id\":\"https:\\\/\\\/www.kleinehumboldtgalerie.de\\\/en\\\/about-us\\\/team\\\/#primaryimage\"},\"thumbnailUrl\":\"https:\\\/\\\/www.kleinehumboldtgalerie.de\\\/wp-content\\\/uploads\\\/2023\\\/12\\\/Preludie-credit_-Camilla-Daab-scaled.jpg\",\"datePublished\":\"2020-08-02T11:41:07+00:00\",\"dateModified\":\"2025-06-30T20:46:14+00:00\",\"breadcrumb\":{\"@id\":\"https:\\\/\\\/www.kleinehumboldtgalerie.de\\\/en\\\/about-us\\\/team\\\/#breadcrumb\"},\"inLanguage\":\"en-US\",\"potentialAction\":[{\"@type\":\"ReadAction\",\"target\":[\"https:\\\/\\\/www.kleinehumboldtgalerie.de\\\/en\\\/about-us\\\/team\\\/\"]}]},{\"@type\":\"ImageObject\",\"inLanguage\":\"en-US\",\"@id\":\"https:\\\/\\\/www.kleinehumboldtgalerie.de\\\/en\\\/about-us\\\/team\\\/#primaryimage\",\"url\":\"https:\\\/\\\/www.kleinehumboldtgalerie.de\\\/wp-content\\\/uploads\\\/2023\\\/12\\\/Preludie-credit_-Camilla-Daab-scaled.jpg\",\"contentUrl\":\"https:\\\/\\\/www.kleinehumboldtgalerie.de\\\/wp-content\\\/uploads\\\/2023\\\/12\\\/Preludie-credit_-Camilla-Daab-scaled.jpg\",\"width\":2560,\"height\":1701,\"caption\":\"\u00a9 KHG\"},{\"@type\":\"BreadcrumbList\",\"@id\":\"https:\\\/\\\/www.kleinehumboldtgalerie.de\\\/en\\\/about-us\\\/team\\\/#breadcrumb\",\"itemListElement\":[{\"@type\":\"ListItem\",\"position\":1,\"name\":\"Home\",\"item\":\"https:\\\/\\\/www.kleinehumboldtgalerie.de\\\/en\\\/\"},{\"@type\":\"ListItem\",\"position\":2,\"name\":\"\u00dcber Uns\",\"item\":\"https:\\\/\\\/www.kleinehumboldtgalerie.de\\\/en\\\/about-us\\\/\"},{\"@type\":\"ListItem\",\"position\":3,\"name\":\"Team\"}]},{\"@type\":\"WebSite\",\"@id\":\"https:\\\/\\\/www.kleinehumboldtgalerie.de\\\/en\\\/#website\",\"url\":\"https:\\\/\\\/www.kleinehumboldtgalerie.de\\\/en\\\/\",\"name\":\"\",\"description\":\"\",\"publisher\":{\"@id\":\"https:\\\/\\\/www.kleinehumboldtgalerie.de\\\/en\\\/#organization\"},\"potentialAction\":[{\"@type\":\"SearchAction\",\"target\":{\"@type\":\"EntryPoint\",\"urlTemplate\":\"https:\\\/\\\/www.kleinehumboldtgalerie.de\\\/en\\\/?s={search_term_string}\"},\"query-input\":{\"@type\":\"PropertyValueSpecification\",\"valueRequired\":true,\"valueName\":\"search_term_string\"}}],\"inLanguage\":\"en-US\"},{\"@type\":\"Organization\",\"@id\":\"https:\\\/\\\/www.kleinehumboldtgalerie.de\\\/en\\\/#organization\",\"name\":\"Kleine Humboldt Galerie\",\"url\":\"https:\\\/\\\/www.kleinehumboldtgalerie.de\\\/en\\\/\",\"logo\":{\"@type\":\"ImageObject\",\"inLanguage\":\"en-US\",\"@id\":\"https:\\\/\\\/www.kleinehumboldtgalerie.de\\\/en\\\/#\\\/schema\\\/logo\\\/image\\\/\",\"url\":\"https:\\\/\\\/www.kleinehumboldtgalerie.de\\\/wp-content\\\/uploads\\\/2020\\\/04\\\/Logo_ganz.jpg\",\"contentUrl\":\"https:\\\/\\\/www.kleinehumboldtgalerie.de\\\/wp-content\\\/uploads\\\/2020\\\/04\\\/Logo_ganz.jpg\",\"width\":2153,\"height\":976,\"caption\":\"Kleine Humboldt Galerie\"},\"image\":{\"@id\":\"https:\\\/\\\/www.kleinehumboldtgalerie.de\\\/en\\\/#\\\/schema\\\/logo\\\/image\\\/\"},\"sameAs\":[\"https:\\\/\\\/www.facebook.com\\\/kleinehumboldtgalerie\",\"https:\\\/\\\/www.instagram.com\\\/kleinehumboldtgalerie\\\/\",\"https:\\\/\\\/vimeo.com\\\/user100173115\"]}]}<\/script>\n<!-- \/ Yoast SEO plugin. -->","yoast_head_json":{"title":"Team -","robots":{"index":"index","follow":"follow","max-snippet":"max-snippet:-1","max-image-preview":"max-image-preview:large","max-video-preview":"max-video-preview:-1"},"canonical":"https:\/\/www.kleinehumboldtgalerie.de\/en\/about-us\/team\/","og_locale":"en_US","og_type":"article","og_title":"Team -","og_description":"The Kleine Humboldt Galerie (KHG) is a student collective that conceives and realizes contemporary exhibitions. This project has existed in [&hellip;]","og_url":"https:\/\/www.kleinehumboldtgalerie.de\/en\/about-us\/team\/","article_publisher":"https:\/\/www.facebook.com\/kleinehumboldtgalerie","article_modified_time":"2025-06-30T20:46:14+00:00","og_image":[{"width":2560,"height":1701,"url":"https:\/\/www.kleinehumboldtgalerie.de\/wp-content\/uploads\/2023\/12\/Preludie-credit_-Camilla-Daab-scaled.jpg","type":"image\/jpeg"}],"twitter_card":"summary_large_image","twitter_misc":{"Est. reading time":"2 minutes"},"schema":{"@context":"https:\/\/schema.org","@graph":[{"@type":"WebPage","@id":"https:\/\/www.kleinehumboldtgalerie.de\/en\/about-us\/team\/","url":"https:\/\/www.kleinehumboldtgalerie.de\/en\/about-us\/team\/","name":"Team -","isPartOf":{"@id":"https:\/\/www.kleinehumboldtgalerie.de\/en\/#website"},"primaryImageOfPage":{"@id":"https:\/\/www.kleinehumboldtgalerie.de\/en\/about-us\/team\/#primaryimage"},"image":{"@id":"https:\/\/www.kleinehumboldtgalerie.de\/en\/about-us\/team\/#primaryimage"},"thumbnailUrl":"https:\/\/www.kleinehumboldtgalerie.de\/wp-content\/uploads\/2023\/12\/Preludie-credit_-Camilla-Daab-scaled.jpg","datePublished":"2020-08-02T11:41:07+00:00","dateModified":"2025-06-30T20:46:14+00:00","breadcrumb":{"@id":"https:\/\/www.kleinehumboldtgalerie.de\/en\/about-us\/team\/#breadcrumb"},"inLanguage":"en-US","potentialAction":[{"@type":"ReadAction","target":["https:\/\/www.kleinehumboldtgalerie.de\/en\/about-us\/team\/"]}]},{"@type":"ImageObject","inLanguage":"en-US","@id":"https:\/\/www.kleinehumboldtgalerie.de\/en\/about-us\/team\/#primaryimage","url":"https:\/\/www.kleinehumboldtgalerie.de\/wp-content\/uploads\/2023\/12\/Preludie-credit_-Camilla-Daab-scaled.jpg","contentUrl":"https:\/\/www.kleinehumboldtgalerie.de\/wp-content\/uploads\/2023\/12\/Preludie-credit_-Camilla-Daab-scaled.jpg","width":2560,"height":1701,"caption":"\u00a9 KHG"},{"@type":"BreadcrumbList","@id":"https:\/\/www.kleinehumboldtgalerie.de\/en\/about-us\/team\/#breadcrumb","itemListElement":[{"@type":"ListItem","position":1,"name":"Home","item":"https:\/\/www.kleinehumboldtgalerie.de\/en\/"},{"@type":"ListItem","position":2,"name":"\u00dcber Uns","item":"https:\/\/www.kleinehumboldtgalerie.de\/en\/about-us\/"},{"@type":"ListItem","position":3,"name":"Team"}]},{"@type":"WebSite","@id":"https:\/\/www.kleinehumboldtgalerie.de\/en\/#website","url":"https:\/\/www.kleinehumboldtgalerie.de\/en\/","name":"","description":"","publisher":{"@id":"https:\/\/www.kleinehumboldtgalerie.de\/en\/#organization"},"potentialAction":[{"@type":"SearchAction","target":{"@type":"EntryPoint","urlTemplate":"https:\/\/www.kleinehumboldtgalerie.de\/en\/?s={search_term_string}"},"query-input":{"@type":"PropertyValueSpecification","valueRequired":true,"valueName":"search_term_string"}}],"inLanguage":"en-US"},{"@type":"Organization","@id":"https:\/\/www.kleinehumboldtgalerie.de\/en\/#organization","name":"Kleine Humboldt Galerie","url":"https:\/\/www.kleinehumboldtgalerie.de\/en\/","logo":{"@type":"ImageObject","inLanguage":"en-US","@id":"https:\/\/www.kleinehumboldtgalerie.de\/en\/#\/schema\/logo\/image\/","url":"https:\/\/www.kleinehumboldtgalerie.de\/wp-content\/uploads\/2020\/04\/Logo_ganz.jpg","contentUrl":"https:\/\/www.kleinehumboldtgalerie.de\/wp-content\/uploads\/2020\/04\/Logo_ganz.jpg","width":2153,"height":976,"caption":"Kleine Humboldt Galerie"},"image":{"@id":"https:\/\/www.kleinehumboldtgalerie.de\/en\/#\/schema\/logo\/image\/"},"sameAs":["https:\/\/www.facebook.com\/kleinehumboldtgalerie","https:\/\/www.instagram.com\/kleinehumboldtgalerie\/","https:\/\/vimeo.com\/user100173115"]}]}},"_links":{"self":[{"href":"https:\/\/www.kleinehumboldtgalerie.de\/en\/wp-json\/wp\/v2\/pages\/4390","targetHints":{"allow":["GET"]}}],"collection":[{"href":"https:\/\/www.kleinehumboldtgalerie.de\/en\/wp-json\/wp\/v2\/pages"}],"about":[{"href":"https:\/\/www.kleinehumboldtgalerie.de\/en\/wp-json\/wp\/v2\/types\/page"}],"author":[{"embeddable":true,"href":"https:\/\/www.kleinehumboldtgalerie.de\/en\/wp-json\/wp\/v2\/users\/1"}],"replies":[{"embeddable":true,"href":"https:\/\/www.kleinehumboldtgalerie.de\/en\/wp-json\/wp\/v2\/comments?post=4390"}],"version-history":[{"count":3,"href":"https:\/\/www.kleinehumboldtgalerie.de\/en\/wp-json\/wp\/v2\/pages\/4390\/revisions"}],"predecessor-version":[{"id":16205,"href":"https:\/\/www.kleinehumboldtgalerie.de\/en\/wp-json\/wp\/v2\/pages\/4390\/revisions\/16205"}],"up":[{"embeddable":true,"href":"https:\/\/www.kleinehumboldtgalerie.de\/en\/wp-json\/wp\/v2\/pages\/4388"}],"wp:featuredmedia":[{"embeddable":true,"href":"https:\/\/www.kleinehumboldtgalerie.de\/en\/wp-json\/wp\/v2\/media\/14186"}],"wp:attachment":[{"href":"https:\/\/www.kleinehumboldtgalerie.de\/en\/wp-json\/wp\/v2\/media?parent=4390"}],"curies":[{"name":"wp","href":"https:\/\/api.w.org\/{rel}","templated":true}]}}